{"id":13,"date":"2025-06-18T22:22:57","date_gmt":"2025-06-18T20:22:57","guid":{"rendered":"https:\/\/drizani.eleves.mediamatique.ch\/reparations-radieuses\/boutique\/"},"modified":"2025-06-19T23:15:29","modified_gmt":"2025-06-19T21:15:29","slug":"boutique","status":"publish","type":"page","link":"https:\/\/drizani.eleves.mediamatique.ch\/reparations-radieuses\/boutique\/","title":{"rendered":"Boutique"},"content":{"rendered":"\t\t<div data-elementor-type=\"wp-page\" data-elementor-id=\"13\" class=\"elementor elementor-13\" data-elementor-post-type=\"page\">\n\t\t\t\t<div class=\"elementor-element elementor-element-d63b0a3 e-flex e-con-boxed e-con e-parent\" data-id=\"d63b0a3\" data-element_type=\"container\">\n\t\t\t\t\t<div class=\"e-con-inner\">\n\t\t\t\t<div class=\"elementor-element elementor-element-f407652 elementor-grid-2 elementor-product-loop-item--align-center elementor-grid-tablet-3 elementor-grid-mobile-2 elementor-products-grid elementor-wc-products elementor-widget elementor-widget-wc-categories\" data-id=\"f407652\" data-element_type=\"widget\" data-widget_type=\"wc-categories.default\">\n\t\t\t\t<div class=\"elementor-widget-container\">\n\t\t\t\t\t<div class=\"woocommerce columns-2\"><ul class=\"products elementor-grid columns-2\">\n<li class=\"product-category product first\">\n\t<a aria-label=\"Acc\u00e9der \u00e0 la cat\u00e9gorie de produits Services\" href=\"https:\/\/drizani.eleves.mediamatique.ch\/reparations-radieuses\/categorie-produit\/services\/\"><img fetchpriority=\"high\" decoding=\"async\" src=\"https:\/\/drizani.eleves.mediamatique.ch\/reparations-radieuses\/wp-content\/uploads\/2025\/06\/electrician-installing-light-fittings-300x300.webp\" alt=\"Services\" width=\"300\" height=\"300\" srcset=\"https:\/\/drizani.eleves.mediamatique.ch\/reparations-radieuses\/wp-content\/uploads\/2025\/06\/electrician-installing-light-fittings-300x300.webp 300w, https:\/\/drizani.eleves.mediamatique.ch\/reparations-radieuses\/wp-content\/uploads\/2025\/06\/electrician-installing-light-fittings-150x150.webp 150w, https:\/\/drizani.eleves.mediamatique.ch\/reparations-radieuses\/wp-content\/uploads\/2025\/06\/electrician-installing-light-fittings-100x100.webp 100w\" sizes=\"(max-width: 300px) 100vw, 300px\" \/>\t\t<h2 class=\"woocommerce-loop-category__title\">\n\t\t\tServices <mark class=\"count\">(1)<\/mark>\t\t<\/h2>\n\t\t<\/a><\/li>\n<li class=\"product-category product last\">\n\t<a aria-label=\"Acc\u00e9der \u00e0 la cat\u00e9gorie de produits Produits\" href=\"https:\/\/drizani.eleves.mediamatique.ch\/reparations-radieuses\/categorie-produit\/produits\/\"><img decoding=\"async\" src=\"https:\/\/drizani.eleves.mediamatique.ch\/reparations-radieuses\/wp-content\/uploads\/2025\/06\/applique-murale-moderne-couleur-vive-led-300x300.webp\" alt=\"Produits\" width=\"300\" height=\"300\" srcset=\"https:\/\/drizani.eleves.mediamatique.ch\/reparations-radieuses\/wp-content\/uploads\/2025\/06\/applique-murale-moderne-couleur-vive-led-300x300.webp 300w, https:\/\/drizani.eleves.mediamatique.ch\/reparations-radieuses\/wp-content\/uploads\/2025\/06\/applique-murale-moderne-couleur-vive-led-150x150.webp 150w, https:\/\/drizani.eleves.mediamatique.ch\/reparations-radieuses\/wp-content\/uploads\/2025\/06\/applique-murale-moderne-couleur-vive-led-768x768.webp 768w, https:\/\/drizani.eleves.mediamatique.ch\/reparations-radieuses\/wp-content\/uploads\/2025\/06\/applique-murale-moderne-couleur-vive-led-600x600.webp 600w, https:\/\/drizani.eleves.mediamatique.ch\/reparations-radieuses\/wp-content\/uploads\/2025\/06\/applique-murale-moderne-couleur-vive-led-100x100.webp 100w, https:\/\/drizani.eleves.mediamatique.ch\/reparations-radieuses\/wp-content\/uploads\/2025\/06\/applique-murale-moderne-couleur-vive-led.webp 800w\" sizes=\"(max-width: 300px) 100vw, 300px\" \/>\t\t<h2 class=\"woocommerce-loop-category__title\">\n\t\t\tProduits <mark class=\"count\">(4)<\/mark>\t\t<\/h2>\n\t\t<\/a><\/li>\n<\/ul>\n<\/div>\t\t\t\t<\/div>\n\t\t\t\t<\/div>\n\t\t\t\t<div class=\"elementor-element elementor-element-6beaacd elementor-grid-3 elementor-product-loop-item--align-center elementor-grid-tablet-3 elementor-grid-mobile-2 elementor-products-grid elementor-wc-products elementor-widget elementor-widget-woocommerce-products\" data-id=\"6beaacd\" data-element_type=\"widget\" data-widget_type=\"woocommerce-products.default\">\n\t\t\t\t<div class=\"elementor-widget-container\">\n\t\t\t\t\t<div class=\"woocommerce columns-3 \"><ul class=\"products elementor-grid columns-3\">\n<li class=\"product type-product post-132 status-publish first instock product_cat-services has-post-thumbnail shipping-taxable purchasable product-type-variable\">\n\t<a href=\"https:\/\/drizani.eleves.mediamatique.ch\/reparations-radieuses\/produit\/atelier-repare-ta-lampe\/\" class=\"woocommerce-LoopProduct-link woocommerce-loop-product__link\"><img decoding=\"async\" width=\"300\" height=\"300\" src=\"https:\/\/drizani.eleves.mediamatique.ch\/reparations-radieuses\/wp-content\/uploads\/2025\/06\/2147766976-300x300.jpg\" class=\"attachment-woocommerce_thumbnail size-woocommerce_thumbnail\" alt=\"Atelier \u201cR\u00e9pare ta lampe\u201d\" srcset=\"https:\/\/drizani.eleves.mediamatique.ch\/reparations-radieuses\/wp-content\/uploads\/2025\/06\/2147766976-300x300.jpg 300w, https:\/\/drizani.eleves.mediamatique.ch\/reparations-radieuses\/wp-content\/uploads\/2025\/06\/2147766976-1024x1024.jpg 1024w, https:\/\/drizani.eleves.mediamatique.ch\/reparations-radieuses\/wp-content\/uploads\/2025\/06\/2147766976-150x150.jpg 150w, https:\/\/drizani.eleves.mediamatique.ch\/reparations-radieuses\/wp-content\/uploads\/2025\/06\/2147766976-768x768.jpg 768w, https:\/\/drizani.eleves.mediamatique.ch\/reparations-radieuses\/wp-content\/uploads\/2025\/06\/2147766976-600x600.jpg 600w, https:\/\/drizani.eleves.mediamatique.ch\/reparations-radieuses\/wp-content\/uploads\/2025\/06\/2147766976-100x100.jpg 100w, https:\/\/drizani.eleves.mediamatique.ch\/reparations-radieuses\/wp-content\/uploads\/2025\/06\/2147766976.jpg 1500w\" sizes=\"(max-width: 300px) 100vw, 300px\" \/><h2 class=\"woocommerce-loop-product__title\">Atelier \u201cR\u00e9pare ta lampe\u201d<\/h2>\n\t<span class=\"price\"><span class=\"woocommerce-Price-amount amount\"><bdi><span class=\"woocommerce-Price-currencySymbol\">&#67;&#72;&#70;<\/span>&nbsp;39.00<\/bdi><\/span> &ndash; <span class=\"woocommerce-Price-amount amount\"><bdi><span class=\"woocommerce-Price-currencySymbol\">&#67;&#72;&#70;<\/span>&nbsp;59.00<\/bdi><\/span><\/span>\n<\/a><div class=\"woocommerce-loop-product__buttons\"><a href=\"https:\/\/drizani.eleves.mediamatique.ch\/reparations-radieuses\/produit\/atelier-repare-ta-lampe\/\" aria-describedby=\"woocommerce_loop_add_to_cart_link_describedby_132\" data-quantity=\"1\" class=\"button product_type_variable add_to_cart_button\" data-product_id=\"132\" data-product_sku=\"\" aria-label=\"S\u00e9lectionner les options pour &ldquo;Atelier \u201cR\u00e9pare ta lampe\u201d&rdquo;\" rel=\"nofollow\">Choix des options<\/a><\/div>\t<span id=\"woocommerce_loop_add_to_cart_link_describedby_132\" class=\"screen-reader-text\">\n\t\tCe produit a plusieurs variations. Les options peuvent \u00eatre choisies sur la page du produit\t<\/span>\n<\/li>\n<li class=\"product type-product post-129 status-publish instock product_cat-kits-pratiques has-post-thumbnail shipping-taxable purchasable product-type-simple\">\n\t<a href=\"https:\/\/drizani.eleves.mediamatique.ch\/reparations-radieuses\/produit\/boite-a-outils-lumibox\/\" class=\"woocommerce-LoopProduct-link woocommerce-loop-product__link\"><img loading=\"lazy\" decoding=\"async\" width=\"300\" height=\"300\" src=\"https:\/\/drizani.eleves.mediamatique.ch\/reparations-radieuses\/wp-content\/uploads\/2025\/06\/MA28CA444BOIT14BOC-305de33589-43-300x300.jpg\" class=\"attachment-woocommerce_thumbnail size-woocommerce_thumbnail\" alt=\"Bo\u00eete \u00e0 outils \u201cLumiBox\u201d\" srcset=\"https:\/\/drizani.eleves.mediamatique.ch\/reparations-radieuses\/wp-content\/uploads\/2025\/06\/MA28CA444BOIT14BOC-305de33589-43-300x300.jpg 300w, https:\/\/drizani.eleves.mediamatique.ch\/reparations-radieuses\/wp-content\/uploads\/2025\/06\/MA28CA444BOIT14BOC-305de33589-43-150x150.jpg 150w, https:\/\/drizani.eleves.mediamatique.ch\/reparations-radieuses\/wp-content\/uploads\/2025\/06\/MA28CA444BOIT14BOC-305de33589-43-100x100.jpg 100w\" sizes=\"(max-width: 300px) 100vw, 300px\" \/><h2 class=\"woocommerce-loop-product__title\">Bo\u00eete \u00e0 outils \u201cLumiBox\u201d<\/h2>\n\t<span class=\"price\"><span class=\"woocommerce-Price-amount amount\"><bdi><span class=\"woocommerce-Price-currencySymbol\">&#67;&#72;&#70;<\/span>&nbsp;29.00<\/bdi><\/span><\/span>\n<\/a><div class=\"woocommerce-loop-product__buttons\"><a href=\"?add-to-cart=129\" aria-describedby=\"woocommerce_loop_add_to_cart_link_describedby_129\" data-quantity=\"1\" class=\"button product_type_simple add_to_cart_button ajax_add_to_cart\" data-product_id=\"129\" data-product_sku=\"\" aria-label=\"Ajouter au panier\u00a0: &ldquo;Bo\u00eete \u00e0 outils \u201cLumiBox\u201d&rdquo;\" rel=\"nofollow\" data-success_message=\"\u00ab\u00a0Bo\u00eete \u00e0 outils \u201cLumiBox\u201d\u00a0\u00bb a \u00e9t\u00e9 ajout\u00e9 \u00e0 votre panier\">Ajouter au panier<\/a><\/div>\t<span id=\"woocommerce_loop_add_to_cart_link_describedby_129\" class=\"screen-reader-text\">\n\t\t\t<\/span>\n<\/li>\n<li class=\"product type-product post-126 status-publish last instock product_cat-ampoules has-post-thumbnail featured shipping-taxable purchasable product-type-simple\">\n\t<a href=\"https:\/\/drizani.eleves.mediamatique.ch\/reparations-radieuses\/produit\/ampoule-led-filament-vintage-4w\/\" class=\"woocommerce-LoopProduct-link woocommerce-loop-product__link\"><img loading=\"lazy\" decoding=\"async\" width=\"300\" height=\"300\" src=\"https:\/\/drizani.eleves.mediamatique.ch\/reparations-radieuses\/wp-content\/uploads\/2025\/06\/4058075761452_1-300x300.jpg\" class=\"attachment-woocommerce_thumbnail size-woocommerce_thumbnail\" alt=\"Ampoule LED Filament Vintage \u2013 4W\" srcset=\"https:\/\/drizani.eleves.mediamatique.ch\/reparations-radieuses\/wp-content\/uploads\/2025\/06\/4058075761452_1-300x300.jpg 300w, https:\/\/drizani.eleves.mediamatique.ch\/reparations-radieuses\/wp-content\/uploads\/2025\/06\/4058075761452_1-150x150.jpg 150w, https:\/\/drizani.eleves.mediamatique.ch\/reparations-radieuses\/wp-content\/uploads\/2025\/06\/4058075761452_1-768x768.jpg 768w, https:\/\/drizani.eleves.mediamatique.ch\/reparations-radieuses\/wp-content\/uploads\/2025\/06\/4058075761452_1-600x600.jpg 600w, https:\/\/drizani.eleves.mediamatique.ch\/reparations-radieuses\/wp-content\/uploads\/2025\/06\/4058075761452_1-100x100.jpg 100w, https:\/\/drizani.eleves.mediamatique.ch\/reparations-radieuses\/wp-content\/uploads\/2025\/06\/4058075761452_1.jpg 800w\" sizes=\"(max-width: 300px) 100vw, 300px\" \/><h2 class=\"woocommerce-loop-product__title\">Ampoule LED Filament Vintage \u2013 4W<\/h2>\n\t<span class=\"price\"><span class=\"woocommerce-Price-amount amount\"><bdi><span class=\"woocommerce-Price-currencySymbol\">&#67;&#72;&#70;<\/span>&nbsp;9.50<\/bdi><\/span><\/span>\n<\/a><div class=\"woocommerce-loop-product__buttons\"><a href=\"?add-to-cart=126\" aria-describedby=\"woocommerce_loop_add_to_cart_link_describedby_126\" data-quantity=\"1\" class=\"button product_type_simple add_to_cart_button ajax_add_to_cart\" data-product_id=\"126\" data-product_sku=\"\" aria-label=\"Ajouter au panier\u00a0: &ldquo;Ampoule LED Filament Vintage \u2013 4W&rdquo;\" rel=\"nofollow\" data-success_message=\"\u00ab\u00a0Ampoule LED Filament Vintage \u2013 4W\u00a0\u00bb a \u00e9t\u00e9 ajout\u00e9 \u00e0 votre panier\">Ajouter au panier<\/a><\/div>\t<span id=\"woocommerce_loop_add_to_cart_link_describedby_126\" class=\"screen-reader-text\">\n\t\t\t<\/span>\n<\/li>\n<li class=\"product type-product post-123 status-publish first instock product_cat-kits-pratiques has-post-thumbnail sale shipping-taxable purchasable product-type-simple\">\n\t<a href=\"https:\/\/drizani.eleves.mediamatique.ch\/reparations-radieuses\/produit\/kit-ampoule-express\/\" class=\"woocommerce-LoopProduct-link woocommerce-loop-product__link\">\n\t<span class=\"onsale\">Promo\u00a0!<\/span>\n\t<img loading=\"lazy\" decoding=\"async\" width=\"300\" height=\"300\" src=\"https:\/\/drizani.eleves.mediamatique.ch\/reparations-radieuses\/wp-content\/uploads\/2025\/06\/Design-sans-titre-13-2-300x300.jpg\" class=\"attachment-woocommerce_thumbnail size-woocommerce_thumbnail\" alt=\"Kit Ampoule Express\" srcset=\"https:\/\/drizani.eleves.mediamatique.ch\/reparations-radieuses\/wp-content\/uploads\/2025\/06\/Design-sans-titre-13-2-300x300.jpg 300w, https:\/\/drizani.eleves.mediamatique.ch\/reparations-radieuses\/wp-content\/uploads\/2025\/06\/Design-sans-titre-13-2-150x150.jpg 150w, https:\/\/drizani.eleves.mediamatique.ch\/reparations-radieuses\/wp-content\/uploads\/2025\/06\/Design-sans-titre-13-2-100x100.jpg 100w\" sizes=\"(max-width: 300px) 100vw, 300px\" \/><h2 class=\"woocommerce-loop-product__title\">Kit Ampoule Express<\/h2>\n\t<span class=\"price\"><del aria-hidden=\"true\"><span class=\"woocommerce-Price-amount amount\"><bdi><span class=\"woocommerce-Price-currencySymbol\">&#67;&#72;&#70;<\/span>&nbsp;19.90<\/bdi><\/span><\/del> <span class=\"screen-reader-text\">Le prix initial \u00e9tait\u00a0: &#067;&#072;&#070;&nbsp;19.90.<\/span><ins aria-hidden=\"true\"><span class=\"woocommerce-Price-amount amount\"><bdi><span class=\"woocommerce-Price-currencySymbol\">&#67;&#72;&#70;<\/span>&nbsp;14.90<\/bdi><\/span><\/ins><span class=\"screen-reader-text\">Le prix actuel est\u00a0: &#067;&#072;&#070;&nbsp;14.90.<\/span><\/span>\n<\/a><div class=\"woocommerce-loop-product__buttons\"><a href=\"?add-to-cart=123\" aria-describedby=\"woocommerce_loop_add_to_cart_link_describedby_123\" data-quantity=\"1\" class=\"button product_type_simple add_to_cart_button ajax_add_to_cart\" data-product_id=\"123\" data-product_sku=\"\" aria-label=\"Ajouter au panier\u00a0: &ldquo;Kit Ampoule Express&rdquo;\" rel=\"nofollow\" data-success_message=\"\u00ab\u00a0Kit Ampoule Express\u00a0\u00bb a \u00e9t\u00e9 ajout\u00e9 \u00e0 votre panier\">Ajouter au panier<\/a><\/div>\t<span id=\"woocommerce_loop_add_to_cart_link_describedby_123\" class=\"screen-reader-text\">\n\t\t\t<\/span>\n<\/li>\n<li class=\"product type-product post-106 status-publish instock product_cat-luminaires product_tag-un-contraste-elegant-avec-une-finition-doree product_tag-un-eclairage-led-optimal has-post-thumbnail sale shipping-taxable purchasable product-type-variable has-default-attributes\">\n\t<a href=\"https:\/\/drizani.eleves.mediamatique.ch\/reparations-radieuses\/produit\/halolux\/\" class=\"woocommerce-LoopProduct-link woocommerce-loop-product__link\">\n\t<span class=\"onsale\">Promo\u00a0!<\/span>\n\t<img loading=\"lazy\" decoding=\"async\" width=\"300\" height=\"300\" src=\"https:\/\/drizani.eleves.mediamatique.ch\/reparations-radieuses\/wp-content\/uploads\/2025\/06\/IMG_09_2024_lustre_sans_fil_au_design_nordique_colore_3-300x300.jpg\" class=\"attachment-woocommerce_thumbnail size-woocommerce_thumbnail\" alt=\"HaloLux\" srcset=\"https:\/\/drizani.eleves.mediamatique.ch\/reparations-radieuses\/wp-content\/uploads\/2025\/06\/IMG_09_2024_lustre_sans_fil_au_design_nordique_colore_3-300x300.jpg 300w, https:\/\/drizani.eleves.mediamatique.ch\/reparations-radieuses\/wp-content\/uploads\/2025\/06\/IMG_09_2024_lustre_sans_fil_au_design_nordique_colore_3-150x150.jpg 150w, https:\/\/drizani.eleves.mediamatique.ch\/reparations-radieuses\/wp-content\/uploads\/2025\/06\/IMG_09_2024_lustre_sans_fil_au_design_nordique_colore_3-768x768.jpg 768w, https:\/\/drizani.eleves.mediamatique.ch\/reparations-radieuses\/wp-content\/uploads\/2025\/06\/IMG_09_2024_lustre_sans_fil_au_design_nordique_colore_3-600x600.jpg 600w, https:\/\/drizani.eleves.mediamatique.ch\/reparations-radieuses\/wp-content\/uploads\/2025\/06\/IMG_09_2024_lustre_sans_fil_au_design_nordique_colore_3-100x100.jpg 100w, https:\/\/drizani.eleves.mediamatique.ch\/reparations-radieuses\/wp-content\/uploads\/2025\/06\/IMG_09_2024_lustre_sans_fil_au_design_nordique_colore_3.jpg 1000w\" sizes=\"(max-width: 300px) 100vw, 300px\" \/><h2 class=\"woocommerce-loop-product__title\">HaloLux<\/h2>\n\t<span class=\"price\"><span class=\"woocommerce-Price-amount amount\"><bdi><span class=\"woocommerce-Price-currencySymbol\">&#67;&#72;&#70;<\/span>&nbsp;65.00<\/bdi><\/span> &ndash; <span class=\"woocommerce-Price-amount amount\"><bdi><span class=\"woocommerce-Price-currencySymbol\">&#67;&#72;&#70;<\/span>&nbsp;80.00<\/bdi><\/span><\/span>\n<\/a><div class=\"woocommerce-loop-product__buttons\"><a href=\"https:\/\/drizani.eleves.mediamatique.ch\/reparations-radieuses\/produit\/halolux\/\" aria-describedby=\"woocommerce_loop_add_to_cart_link_describedby_106\" data-quantity=\"1\" class=\"button product_type_variable add_to_cart_button\" data-product_id=\"106\" data-product_sku=\"\" aria-label=\"S\u00e9lectionner les options pour &ldquo;HaloLux&rdquo;\" rel=\"nofollow\">Choix des options<\/a><\/div>\t<span id=\"woocommerce_loop_add_to_cart_link_describedby_106\" class=\"screen-reader-text\">\n\t\tCe produit a plusieurs variations. Les options peuvent \u00eatre choisies sur la page du produit\t<\/span>\n<\/li>\n<\/ul>\n<\/div>\t\t\t\t<\/div>\n\t\t\t\t<\/div>\n\t\t\t\t\t<\/div>\n\t\t\t\t<\/div>\n\t\t\t\t<\/div>\n\t\t","protected":false},"excerpt":{"rendered":"","protected":false},"author":1,"featured_media":0,"parent":0,"menu_order":0,"comment_status":"closed","ping_status":"closed","template":"","meta":{"footnotes":""},"class_list":["post-13","page","type-page","status-publish","hentry"],"yoast_head":"<!-- This site is optimized with the Yoast SEO plugin v25.3.1 - https:\/\/yoast.com\/wordpress\/plugins\/seo\/ -->\n<title>Boutique - R\u00e9parations Radieuses<\/title>\n<meta name=\"robots\" content=\"noindex, follow, max-snippet:-1, max-image-preview:large, max-video-preview:-1\" \/>\n<meta property=\"og:locale\" content=\"fr_FR\" \/>\n<meta property=\"og:type\" content=\"article\" \/>\n<meta property=\"og:title\" content=\"Boutique - R\u00e9parations Radieuses\" \/>\n<meta property=\"og:url\" content=\"https:\/\/drizani.eleves.mediamatique.ch\/reparations-radieuses\/boutique\/\" \/>\n<meta property=\"og:site_name\" content=\"R\u00e9parations Radieuses\" \/>\n<meta property=\"article:modified_time\" content=\"2025-06-19T21:15:29+00:00\" \/>\n<meta name=\"twitter:card\" content=\"summary_large_image\" \/>\n<script type=\"application\/ld+json\" class=\"yoast-schema-graph\">{\"@context\":\"https:\/\/schema.org\",\"@graph\":[{\"@type\":\"WebPage\",\"@id\":\"https:\/\/drizani.eleves.mediamatique.ch\/reparations-radieuses\/boutique\/\",\"url\":\"https:\/\/drizani.eleves.mediamatique.ch\/reparations-radieuses\/boutique\/\",\"name\":\"Boutique - R\u00e9parations Radieuses\",\"isPartOf\":{\"@id\":\"https:\/\/drizani.eleves.mediamatique.ch\/reparations-radieuses\/#website\"},\"datePublished\":\"2025-06-18T20:22:57+00:00\",\"dateModified\":\"2025-06-19T21:15:29+00:00\",\"breadcrumb\":{\"@id\":\"https:\/\/drizani.eleves.mediamatique.ch\/reparations-radieuses\/boutique\/#breadcrumb\"},\"inLanguage\":\"fr-FR\",\"potentialAction\":[{\"@type\":\"ReadAction\",\"target\":[\"https:\/\/drizani.eleves.mediamatique.ch\/reparations-radieuses\/boutique\/\"]}]},{\"@type\":\"BreadcrumbList\",\"@id\":\"https:\/\/drizani.eleves.mediamatique.ch\/reparations-radieuses\/boutique\/#breadcrumb\",\"itemListElement\":[{\"@type\":\"ListItem\",\"position\":1,\"name\":\"Accueil\",\"item\":\"https:\/\/drizani.eleves.mediamatique.ch\/reparations-radieuses\/\"},{\"@type\":\"ListItem\",\"position\":2,\"name\":\"Boutique\"}]},{\"@type\":\"WebSite\",\"@id\":\"https:\/\/drizani.eleves.mediamatique.ch\/reparations-radieuses\/#website\",\"url\":\"https:\/\/drizani.eleves.mediamatique.ch\/reparations-radieuses\/\",\"name\":\"R\u00e9parations Radieuses\",\"description\":\"\",\"publisher\":{\"@id\":\"https:\/\/drizani.eleves.mediamatique.ch\/reparations-radieuses\/#organization\"},\"potentialAction\":[{\"@type\":\"SearchAction\",\"target\":{\"@type\":\"EntryPoint\",\"urlTemplate\":\"https:\/\/drizani.eleves.mediamatique.ch\/reparations-radieuses\/?s={search_term_string}\"},\"query-input\":{\"@type\":\"PropertyValueSpecification\",\"valueRequired\":true,\"valueName\":\"search_term_string\"}}],\"inLanguage\":\"fr-FR\"},{\"@type\":\"Organization\",\"@id\":\"https:\/\/drizani.eleves.mediamatique.ch\/reparations-radieuses\/#organization\",\"name\":\"R\u00e9parations Radieuses\",\"url\":\"https:\/\/drizani.eleves.mediamatique.ch\/reparations-radieuses\/\",\"logo\":{\"@type\":\"ImageObject\",\"inLanguage\":\"fr-FR\",\"@id\":\"https:\/\/drizani.eleves.mediamatique.ch\/reparations-radieuses\/#\/schema\/logo\/image\/\",\"url\":\"https:\/\/drizani.eleves.mediamatique.ch\/reparations-radieuses\/wp-content\/uploads\/2025\/06\/cropped-Logo-cie-4-1-1.png\",\"contentUrl\":\"https:\/\/drizani.eleves.mediamatique.ch\/reparations-radieuses\/wp-content\/uploads\/2025\/06\/cropped-Logo-cie-4-1-1.png\",\"width\":1441,\"height\":959,\"caption\":\"R\u00e9parations Radieuses\"},\"image\":{\"@id\":\"https:\/\/drizani.eleves.mediamatique.ch\/reparations-radieuses\/#\/schema\/logo\/image\/\"}}]}<\/script>\n<!-- \/ Yoast SEO plugin. -->","yoast_head_json":{"title":"Boutique - R\u00e9parations Radieuses","robots":{"index":"noindex","follow":"follow","max-snippet":"max-snippet:-1","max-image-preview":"max-image-preview:large","max-video-preview":"max-video-preview:-1"},"og_locale":"fr_FR","og_type":"article","og_title":"Boutique - R\u00e9parations Radieuses","og_url":"https:\/\/drizani.eleves.mediamatique.ch\/reparations-radieuses\/boutique\/","og_site_name":"R\u00e9parations Radieuses","article_modified_time":"2025-06-19T21:15:29+00:00","twitter_card":"summary_large_image","schema":{"@context":"https:\/\/schema.org","@graph":[{"@type":"WebPage","@id":"https:\/\/drizani.eleves.mediamatique.ch\/reparations-radieuses\/boutique\/","url":"https:\/\/drizani.eleves.mediamatique.ch\/reparations-radieuses\/boutique\/","name":"Boutique - R\u00e9parations Radieuses","isPartOf":{"@id":"https:\/\/drizani.eleves.mediamatique.ch\/reparations-radieuses\/#website"},"datePublished":"2025-06-18T20:22:57+00:00","dateModified":"2025-06-19T21:15:29+00:00","breadcrumb":{"@id":"https:\/\/drizani.eleves.mediamatique.ch\/reparations-radieuses\/boutique\/#breadcrumb"},"inLanguage":"fr-FR","potentialAction":[{"@type":"ReadAction","target":["https:\/\/drizani.eleves.mediamatique.ch\/reparations-radieuses\/boutique\/"]}]},{"@type":"BreadcrumbList","@id":"https:\/\/drizani.eleves.mediamatique.ch\/reparations-radieuses\/boutique\/#breadcrumb","itemListElement":[{"@type":"ListItem","position":1,"name":"Accueil","item":"https:\/\/drizani.eleves.mediamatique.ch\/reparations-radieuses\/"},{"@type":"ListItem","position":2,"name":"Boutique"}]},{"@type":"WebSite","@id":"https:\/\/drizani.eleves.mediamatique.ch\/reparations-radieuses\/#website","url":"https:\/\/drizani.eleves.mediamatique.ch\/reparations-radieuses\/","name":"R\u00e9parations Radieuses","description":"","publisher":{"@id":"https:\/\/drizani.eleves.mediamatique.ch\/reparations-radieuses\/#organization"},"potentialAction":[{"@type":"SearchAction","target":{"@type":"EntryPoint","urlTemplate":"https:\/\/drizani.eleves.mediamatique.ch\/reparations-radieuses\/?s={search_term_string}"},"query-input":{"@type":"PropertyValueSpecification","valueRequired":true,"valueName":"search_term_string"}}],"inLanguage":"fr-FR"},{"@type":"Organization","@id":"https:\/\/drizani.eleves.mediamatique.ch\/reparations-radieuses\/#organization","name":"R\u00e9parations Radieuses","url":"https:\/\/drizani.eleves.mediamatique.ch\/reparations-radieuses\/","logo":{"@type":"ImageObject","inLanguage":"fr-FR","@id":"https:\/\/drizani.eleves.mediamatique.ch\/reparations-radieuses\/#\/schema\/logo\/image\/","url":"https:\/\/drizani.eleves.mediamatique.ch\/reparations-radieuses\/wp-content\/uploads\/2025\/06\/cropped-Logo-cie-4-1-1.png","contentUrl":"https:\/\/drizani.eleves.mediamatique.ch\/reparations-radieuses\/wp-content\/uploads\/2025\/06\/cropped-Logo-cie-4-1-1.png","width":1441,"height":959,"caption":"R\u00e9parations Radieuses"},"image":{"@id":"https:\/\/drizani.eleves.mediamatique.ch\/reparations-radieuses\/#\/schema\/logo\/image\/"}}]}},"_links":{"self":[{"href":"https:\/\/drizani.eleves.mediamatique.ch\/reparations-radieuses\/wp-json\/wp\/v2\/pages\/13","targetHints":{"allow":["GET"]}}],"collection":[{"href":"https:\/\/drizani.eleves.mediamatique.ch\/reparations-radieuses\/wp-json\/wp\/v2\/pages"}],"about":[{"href":"https:\/\/drizani.eleves.mediamatique.ch\/reparations-radieuses\/wp-json\/wp\/v2\/types\/page"}],"author":[{"embeddable":true,"href":"https:\/\/drizani.eleves.mediamatique.ch\/reparations-radieuses\/wp-json\/wp\/v2\/users\/1"}],"replies":[{"embeddable":true,"href":"https:\/\/drizani.eleves.mediamatique.ch\/reparations-radieuses\/wp-json\/wp\/v2\/comments?post=13"}],"version-history":[{"count":39,"href":"https:\/\/drizani.eleves.mediamatique.ch\/reparations-radieuses\/wp-json\/wp\/v2\/pages\/13\/revisions"}],"predecessor-version":[{"id":344,"href":"https:\/\/drizani.eleves.mediamatique.ch\/reparations-radieuses\/wp-json\/wp\/v2\/pages\/13\/revisions\/344"}],"wp:attachment":[{"href":"https:\/\/drizani.eleves.mediamatique.ch\/reparations-radieuses\/wp-json\/wp\/v2\/media?parent=13"}],"curies":[{"name":"wp","href":"https:\/\/api.w.org\/{rel}","templated":true}]}}