{"id":123,"date":"2025-06-19T13:29:34","date_gmt":"2025-06-19T11:29:34","guid":{"rendered":"https:\/\/drizani.eleves.mediamatique.ch\/reparations-radieuses\/?post_type=product&#038;p=123"},"modified":"2025-06-19T13:31:16","modified_gmt":"2025-06-19T11:31:16","slug":"kit-ampoule-express","status":"publish","type":"product","link":"https:\/\/drizani.eleves.mediamatique.ch\/reparations-radieuses\/produit\/kit-ampoule-express\/","title":{"rendered":"Kit Ampoule Express"},"content":{"rendered":"<p>Besoin de remplacer une ampoule rapidement sans chercher vos outils partout ? Le <strong data-start=\"572\" data-end=\"595\">Kit Ampoule Express<\/strong> est la solution id\u00e9ale. Il contient une ampoule LED E27 de 10W (\u00e9quivalent 75W), une paire de gants isolants, un mini tournevis plat, et un guide illustr\u00e9 pas \u00e0 pas. Parfait pour les petits d\u00e9pannages \u00e0 la maison ou pour offrir \u00e0 quelqu\u2019un qui emm\u00e9nage. Compact et malin, ce kit s\u2019adresse aussi bien aux d\u00e9butants qu\u2019aux bricoleurs avertis.<\/p>\n","protected":false},"excerpt":{"rendered":"<p>Un kit tout-en-un pour changer rapidement et en toute s\u00e9curit\u00e9 vos ampoules.<\/p>\n","protected":false},"featured_media":125,"comment_status":"open","ping_status":"closed","template":"","meta":[],"product_brand":[],"product_cat":[23],"product_tag":[],"class_list":{"0":"post-123","1":"product","2":"type-product","3":"status-publish","4":"has-post-thumbnail","6":"product_cat-kits-pratiques","8":"first","9":"instock","10":"sale","11":"shipping-taxable","12":"purchasable","13":"product-type-simple"},"yoast_head":"<!-- This site is optimized with the Yoast SEO plugin v25.3.1 - https:\/\/yoast.com\/wordpress\/plugins\/seo\/ -->\n<title>Kit Ampoule Express - R\u00e9parations Radieuses<\/title>\n<meta name=\"robots\" content=\"noindex, follow, max-snippet:-1, max-image-preview:large, max-video-preview:-1\" \/>\n<meta property=\"og:locale\" content=\"fr_FR\" \/>\n<meta property=\"og:type\" content=\"article\" \/>\n<meta property=\"og:title\" content=\"Kit Ampoule Express - R\u00e9parations Radieuses\" \/>\n<meta property=\"og:description\" content=\"Un kit tout-en-un pour changer rapidement et en toute s\u00e9curit\u00e9 vos ampoules.\" \/>\n<meta property=\"og:url\" content=\"https:\/\/drizani.eleves.mediamatique.ch\/reparations-radieuses\/produit\/kit-ampoule-express\/\" \/>\n<meta property=\"og:site_name\" content=\"R\u00e9parations Radieuses\" \/>\n<meta property=\"article:modified_time\" content=\"2025-06-19T11:31:16+00:00\" \/>\n<meta property=\"og:image\" content=\"https:\/\/drizani.eleves.mediamatique.ch\/reparations-radieuses\/wp-content\/uploads\/2025\/06\/Design-sans-titre-13-2.jpg\" \/>\n\t<meta property=\"og:image:width\" content=\"1587\" \/>\n\t<meta property=\"og:image:height\" content=\"2245\" \/>\n\t<meta property=\"og:image:type\" content=\"image\/jpeg\" \/>\n<meta name=\"twitter:card\" content=\"summary_large_image\" \/>\n<script type=\"application\/ld+json\" class=\"yoast-schema-graph\">{\"@context\":\"https:\/\/schema.org\",\"@graph\":[{\"@type\":\"WebPage\",\"@id\":\"https:\/\/drizani.eleves.mediamatique.ch\/reparations-radieuses\/produit\/kit-ampoule-express\/\",\"url\":\"https:\/\/drizani.eleves.mediamatique.ch\/reparations-radieuses\/produit\/kit-ampoule-express\/\",\"name\":\"Kit Ampoule Express - R\u00e9parations Radieuses\",\"isPartOf\":{\"@id\":\"https:\/\/drizani.eleves.mediamatique.ch\/reparations-radieuses\/#website\"},\"primaryImageOfPage\":{\"@id\":\"https:\/\/drizani.eleves.mediamatique.ch\/reparations-radieuses\/produit\/kit-ampoule-express\/#primaryimage\"},\"image\":{\"@id\":\"https:\/\/drizani.eleves.mediamatique.ch\/reparations-radieuses\/produit\/kit-ampoule-express\/#primaryimage\"},\"thumbnailUrl\":\"https:\/\/drizani.eleves.mediamatique.ch\/reparations-radieuses\/wp-content\/uploads\/2025\/06\/Design-sans-titre-13-2.jpg\",\"datePublished\":\"2025-06-19T11:29:34+00:00\",\"dateModified\":\"2025-06-19T11:31:16+00:00\",\"breadcrumb\":{\"@id\":\"https:\/\/drizani.eleves.mediamatique.ch\/reparations-radieuses\/produit\/kit-ampoule-express\/#breadcrumb\"},\"inLanguage\":\"fr-FR\",\"potentialAction\":[{\"@type\":\"ReadAction\",\"target\":[\"https:\/\/drizani.eleves.mediamatique.ch\/reparations-radieuses\/produit\/kit-ampoule-express\/\"]}]},{\"@type\":\"ImageObject\",\"inLanguage\":\"fr-FR\",\"@id\":\"https:\/\/drizani.eleves.mediamatique.ch\/reparations-radieuses\/produit\/kit-ampoule-express\/#primaryimage\",\"url\":\"https:\/\/drizani.eleves.mediamatique.ch\/reparations-radieuses\/wp-content\/uploads\/2025\/06\/Design-sans-titre-13-2.jpg\",\"contentUrl\":\"https:\/\/drizani.eleves.mediamatique.ch\/reparations-radieuses\/wp-content\/uploads\/2025\/06\/Design-sans-titre-13-2.jpg\",\"width\":1587,\"height\":2245,\"caption\":\"xr:d:DAF-p4gKWy4:101,j:1719670101190891480,t:24030716\"},{\"@type\":\"BreadcrumbList\",\"@id\":\"https:\/\/drizani.eleves.mediamatique.ch\/reparations-radieuses\/produit\/kit-ampoule-express\/#breadcrumb\",\"itemListElement\":[{\"@type\":\"ListItem\",\"position\":1,\"name\":\"Accueil\",\"item\":\"https:\/\/drizani.eleves.mediamatique.ch\/reparations-radieuses\/\"},{\"@type\":\"ListItem\",\"position\":2,\"name\":\"Produits\",\"item\":\"https:\/\/drizani.eleves.mediamatique.ch\/reparations-radieuses\/shop\/\"},{\"@type\":\"ListItem\",\"position\":3,\"name\":\"Kit Ampoule Express\"}]},{\"@type\":\"WebSite\",\"@id\":\"https:\/\/drizani.eleves.mediamatique.ch\/reparations-radieuses\/#website\",\"url\":\"https:\/\/drizani.eleves.mediamatique.ch\/reparations-radieuses\/\",\"name\":\"R\u00e9parations Radieuses\",\"description\":\"\",\"publisher\":{\"@id\":\"https:\/\/drizani.eleves.mediamatique.ch\/reparations-radieuses\/#organization\"},\"potentialAction\":[{\"@type\":\"SearchAction\",\"target\":{\"@type\":\"EntryPoint\",\"urlTemplate\":\"https:\/\/drizani.eleves.mediamatique.ch\/reparations-radieuses\/?s={search_term_string}\"},\"query-input\":{\"@type\":\"PropertyValueSpecification\",\"valueRequired\":true,\"valueName\":\"search_term_string\"}}],\"inLanguage\":\"fr-FR\"},{\"@type\":\"Organization\",\"@id\":\"https:\/\/drizani.eleves.mediamatique.ch\/reparations-radieuses\/#organization\",\"name\":\"R\u00e9parations Radieuses\",\"url\":\"https:\/\/drizani.eleves.mediamatique.ch\/reparations-radieuses\/\",\"logo\":{\"@type\":\"ImageObject\",\"inLanguage\":\"fr-FR\",\"@id\":\"https:\/\/drizani.eleves.mediamatique.ch\/reparations-radieuses\/#\/schema\/logo\/image\/\",\"url\":\"https:\/\/drizani.eleves.mediamatique.ch\/reparations-radieuses\/wp-content\/uploads\/2025\/06\/cropped-Logo-cie-4-1-1.png\",\"contentUrl\":\"https:\/\/drizani.eleves.mediamatique.ch\/reparations-radieuses\/wp-content\/uploads\/2025\/06\/cropped-Logo-cie-4-1-1.png\",\"width\":1441,\"height\":959,\"caption\":\"R\u00e9parations Radieuses\"},\"image\":{\"@id\":\"https:\/\/drizani.eleves.mediamatique.ch\/reparations-radieuses\/#\/schema\/logo\/image\/\"}}]}<\/script>\n<!-- \/ Yoast SEO plugin. -->","yoast_head_json":{"title":"Kit Ampoule Express - R\u00e9parations Radieuses","robots":{"index":"noindex","follow":"follow","max-snippet":"max-snippet:-1","max-image-preview":"max-image-preview:large","max-video-preview":"max-video-preview:-1"},"og_locale":"fr_FR","og_type":"article","og_title":"Kit Ampoule Express - R\u00e9parations Radieuses","og_description":"Un kit tout-en-un pour changer rapidement et en toute s\u00e9curit\u00e9 vos ampoules.","og_url":"https:\/\/drizani.eleves.mediamatique.ch\/reparations-radieuses\/produit\/kit-ampoule-express\/","og_site_name":"R\u00e9parations Radieuses","article_modified_time":"2025-06-19T11:31:16+00:00","og_image":[{"width":1587,"height":2245,"url":"https:\/\/drizani.eleves.mediamatique.ch\/reparations-radieuses\/wp-content\/uploads\/2025\/06\/Design-sans-titre-13-2.jpg","type":"image\/jpeg"}],"twitter_card":"summary_large_image","schema":{"@context":"https:\/\/schema.org","@graph":[{"@type":"WebPage","@id":"https:\/\/drizani.eleves.mediamatique.ch\/reparations-radieuses\/produit\/kit-ampoule-express\/","url":"https:\/\/drizani.eleves.mediamatique.ch\/reparations-radieuses\/produit\/kit-ampoule-express\/","name":"Kit Ampoule Express - R\u00e9parations Radieuses","isPartOf":{"@id":"https:\/\/drizani.eleves.mediamatique.ch\/reparations-radieuses\/#website"},"primaryImageOfPage":{"@id":"https:\/\/drizani.eleves.mediamatique.ch\/reparations-radieuses\/produit\/kit-ampoule-express\/#primaryimage"},"image":{"@id":"https:\/\/drizani.eleves.mediamatique.ch\/reparations-radieuses\/produit\/kit-ampoule-express\/#primaryimage"},"thumbnailUrl":"https:\/\/drizani.eleves.mediamatique.ch\/reparations-radieuses\/wp-content\/uploads\/2025\/06\/Design-sans-titre-13-2.jpg","datePublished":"2025-06-19T11:29:34+00:00","dateModified":"2025-06-19T11:31:16+00:00","breadcrumb":{"@id":"https:\/\/drizani.eleves.mediamatique.ch\/reparations-radieuses\/produit\/kit-ampoule-express\/#breadcrumb"},"inLanguage":"fr-FR","potentialAction":[{"@type":"ReadAction","target":["https:\/\/drizani.eleves.mediamatique.ch\/reparations-radieuses\/produit\/kit-ampoule-express\/"]}]},{"@type":"ImageObject","inLanguage":"fr-FR","@id":"https:\/\/drizani.eleves.mediamatique.ch\/reparations-radieuses\/produit\/kit-ampoule-express\/#primaryimage","url":"https:\/\/drizani.eleves.mediamatique.ch\/reparations-radieuses\/wp-content\/uploads\/2025\/06\/Design-sans-titre-13-2.jpg","contentUrl":"https:\/\/drizani.eleves.mediamatique.ch\/reparations-radieuses\/wp-content\/uploads\/2025\/06\/Design-sans-titre-13-2.jpg","width":1587,"height":2245,"caption":"xr:d:DAF-p4gKWy4:101,j:1719670101190891480,t:24030716"},{"@type":"BreadcrumbList","@id":"https:\/\/drizani.eleves.mediamatique.ch\/reparations-radieuses\/produit\/kit-ampoule-express\/#breadcrumb","itemListElement":[{"@type":"ListItem","position":1,"name":"Accueil","item":"https:\/\/drizani.eleves.mediamatique.ch\/reparations-radieuses\/"},{"@type":"ListItem","position":2,"name":"Produits","item":"https:\/\/drizani.eleves.mediamatique.ch\/reparations-radieuses\/shop\/"},{"@type":"ListItem","position":3,"name":"Kit Ampoule Express"}]},{"@type":"WebSite","@id":"https:\/\/drizani.eleves.mediamatique.ch\/reparations-radieuses\/#website","url":"https:\/\/drizani.eleves.mediamatique.ch\/reparations-radieuses\/","name":"R\u00e9parations Radieuses","description":"","publisher":{"@id":"https:\/\/drizani.eleves.mediamatique.ch\/reparations-radieuses\/#organization"},"potentialAction":[{"@type":"SearchAction","target":{"@type":"EntryPoint","urlTemplate":"https:\/\/drizani.eleves.mediamatique.ch\/reparations-radieuses\/?s={search_term_string}"},"query-input":{"@type":"PropertyValueSpecification","valueRequired":true,"valueName":"search_term_string"}}],"inLanguage":"fr-FR"},{"@type":"Organization","@id":"https:\/\/drizani.eleves.mediamatique.ch\/reparations-radieuses\/#organization","name":"R\u00e9parations Radieuses","url":"https:\/\/drizani.eleves.mediamatique.ch\/reparations-radieuses\/","logo":{"@type":"ImageObject","inLanguage":"fr-FR","@id":"https:\/\/drizani.eleves.mediamatique.ch\/reparations-radieuses\/#\/schema\/logo\/image\/","url":"https:\/\/drizani.eleves.mediamatique.ch\/reparations-radieuses\/wp-content\/uploads\/2025\/06\/cropped-Logo-cie-4-1-1.png","contentUrl":"https:\/\/drizani.eleves.mediamatique.ch\/reparations-radieuses\/wp-content\/uploads\/2025\/06\/cropped-Logo-cie-4-1-1.png","width":1441,"height":959,"caption":"R\u00e9parations Radieuses"},"image":{"@id":"https:\/\/drizani.eleves.mediamatique.ch\/reparations-radieuses\/#\/schema\/logo\/image\/"}}]}},"_links":{"self":[{"href":"https:\/\/drizani.eleves.mediamatique.ch\/reparations-radieuses\/wp-json\/wp\/v2\/product\/123","targetHints":{"allow":["GET"]}}],"collection":[{"href":"https:\/\/drizani.eleves.mediamatique.ch\/reparations-radieuses\/wp-json\/wp\/v2\/product"}],"about":[{"href":"https:\/\/drizani.eleves.mediamatique.ch\/reparations-radieuses\/wp-json\/wp\/v2\/types\/product"}],"replies":[{"embeddable":true,"href":"https:\/\/drizani.eleves.mediamatique.ch\/reparations-radieuses\/wp-json\/wp\/v2\/comments?post=123"}],"version-history":[{"count":1,"href":"https:\/\/drizani.eleves.mediamatique.ch\/reparations-radieuses\/wp-json\/wp\/v2\/product\/123\/revisions"}],"predecessor-version":[{"id":124,"href":"https:\/\/drizani.eleves.mediamatique.ch\/reparations-radieuses\/wp-json\/wp\/v2\/product\/123\/revisions\/124"}],"wp:featuredmedia":[{"embeddable":true,"href":"https:\/\/drizani.eleves.mediamatique.ch\/reparations-radieuses\/wp-json\/wp\/v2\/media\/125"}],"wp:attachment":[{"href":"https:\/\/drizani.eleves.mediamatique.ch\/reparations-radieuses\/wp-json\/wp\/v2\/media?parent=123"}],"wp:term":[{"taxonomy":"product_brand","embeddable":true,"href":"https:\/\/drizani.eleves.mediamatique.ch\/reparations-radieuses\/wp-json\/wp\/v2\/product_brand?post=123"},{"taxonomy":"product_cat","embeddable":true,"href":"https:\/\/drizani.eleves.mediamatique.ch\/reparations-radieuses\/wp-json\/wp\/v2\/product_cat?post=123"},{"taxonomy":"product_tag","embeddable":true,"href":"https:\/\/drizani.eleves.mediamatique.ch\/reparations-radieuses\/wp-json\/wp\/v2\/product_tag?post=123"}],"curies":[{"name":"wp","href":"https:\/\/api.w.org\/{rel}","templated":true}]}}