{"id":126,"date":"2025-06-19T13:36:40","date_gmt":"2025-06-19T11:36:40","guid":{"rendered":"https:\/\/drizani.eleves.mediamatique.ch\/reparations-radieuses\/?post_type=product&#038;p=126"},"modified":"2025-06-19T14:06:36","modified_gmt":"2025-06-19T12:06:36","slug":"ampoule-led-filament-vintage-4w","status":"publish","type":"product","link":"https:\/\/drizani.eleves.mediamatique.ch\/reparations-radieuses\/produit\/ampoule-led-filament-vintage-4w\/","title":{"rendered":"Ampoule LED Filament Vintage \u2013 4W"},"content":{"rendered":"<p>Donnez du cachet \u00e0 votre int\u00e9rieur avec cette <strong data-start=\"1162\" data-end=\"1194\">ampoule LED filament vintage<\/strong>. Avec sa lumi\u00e8re chaude (2700K) et son design inspir\u00e9 des anciennes ampoules \u00e0 incandescence, elle allie charme d\u2019antan et technologie moderne. \u00c9conomie d\u2019\u00e9nergie assur\u00e9e gr\u00e2ce \u00e0 sa faible consommation de 4W pour une puissance lumineuse \u00e9quivalente \u00e0 40W. Parfaite pour les lampes suspendues, les appliques murales ou les luminaires ouverts. Elle transforme instantan\u00e9ment l\u2019ambiance d\u2019une pi\u00e8ce.<\/p>\n","protected":false},"excerpt":{"rendered":"<p>Une ampoule LED au style r\u00e9tro, pour une ambiance chaleureuse et \u00e9l\u00e9gante.<\/p>\n","protected":false},"featured_media":127,"comment_status":"open","ping_status":"closed","template":"","meta":[],"product_brand":[],"product_cat":[22],"product_tag":[],"class_list":{"0":"post-126","1":"product","2":"type-product","3":"status-publish","4":"has-post-thumbnail","6":"product_cat-ampoules","8":"first","9":"instock","10":"featured","11":"shipping-taxable","12":"purchasable","13":"product-type-simple"},"yoast_head":"<!-- This site is optimized with the Yoast SEO plugin v25.3.1 - https:\/\/yoast.com\/wordpress\/plugins\/seo\/ -->\n<title>Ampoule LED Filament Vintage \u2013 4W - R\u00e9parations Radieuses<\/title>\n<meta name=\"robots\" content=\"noindex, follow, max-snippet:-1, max-image-preview:large, max-video-preview:-1\" \/>\n<meta property=\"og:locale\" content=\"fr_FR\" \/>\n<meta property=\"og:type\" content=\"article\" \/>\n<meta property=\"og:title\" content=\"Ampoule LED Filament Vintage \u2013 4W - R\u00e9parations Radieuses\" \/>\n<meta property=\"og:description\" content=\"Une ampoule LED au style r\u00e9tro, pour une ambiance chaleureuse et \u00e9l\u00e9gante.\" \/>\n<meta property=\"og:url\" content=\"https:\/\/drizani.eleves.mediamatique.ch\/reparations-radieuses\/produit\/ampoule-led-filament-vintage-4w\/\" \/>\n<meta property=\"og:site_name\" content=\"R\u00e9parations Radieuses\" \/>\n<meta property=\"article:modified_time\" content=\"2025-06-19T12:06:36+00:00\" \/>\n<meta property=\"og:image\" content=\"https:\/\/drizani.eleves.mediamatique.ch\/reparations-radieuses\/wp-content\/uploads\/2025\/06\/4058075761452_1.jpg\" \/>\n\t<meta property=\"og:image:width\" content=\"800\" \/>\n\t<meta property=\"og:image:height\" content=\"800\" \/>\n\t<meta property=\"og:image:type\" content=\"image\/jpeg\" \/>\n<meta name=\"twitter:card\" content=\"summary_large_image\" \/>\n<script type=\"application\/ld+json\" class=\"yoast-schema-graph\">{\"@context\":\"https:\/\/schema.org\",\"@graph\":[{\"@type\":\"WebPage\",\"@id\":\"https:\/\/drizani.eleves.mediamatique.ch\/reparations-radieuses\/produit\/ampoule-led-filament-vintage-4w\/\",\"url\":\"https:\/\/drizani.eleves.mediamatique.ch\/reparations-radieuses\/produit\/ampoule-led-filament-vintage-4w\/\",\"name\":\"Ampoule LED Filament Vintage \u2013 4W - R\u00e9parations Radieuses\",\"isPartOf\":{\"@id\":\"https:\/\/drizani.eleves.mediamatique.ch\/reparations-radieuses\/#website\"},\"primaryImageOfPage\":{\"@id\":\"https:\/\/drizani.eleves.mediamatique.ch\/reparations-radieuses\/produit\/ampoule-led-filament-vintage-4w\/#primaryimage\"},\"image\":{\"@id\":\"https:\/\/drizani.eleves.mediamatique.ch\/reparations-radieuses\/produit\/ampoule-led-filament-vintage-4w\/#primaryimage\"},\"thumbnailUrl\":\"https:\/\/drizani.eleves.mediamatique.ch\/reparations-radieuses\/wp-content\/uploads\/2025\/06\/4058075761452_1.jpg\",\"datePublished\":\"2025-06-19T11:36:40+00:00\",\"dateModified\":\"2025-06-19T12:06:36+00:00\",\"breadcrumb\":{\"@id\":\"https:\/\/drizani.eleves.mediamatique.ch\/reparations-radieuses\/produit\/ampoule-led-filament-vintage-4w\/#breadcrumb\"},\"inLanguage\":\"fr-FR\",\"potentialAction\":[{\"@type\":\"ReadAction\",\"target\":[\"https:\/\/drizani.eleves.mediamatique.ch\/reparations-radieuses\/produit\/ampoule-led-filament-vintage-4w\/\"]}]},{\"@type\":\"ImageObject\",\"inLanguage\":\"fr-FR\",\"@id\":\"https:\/\/drizani.eleves.mediamatique.ch\/reparations-radieuses\/produit\/ampoule-led-filament-vintage-4w\/#primaryimage\",\"url\":\"https:\/\/drizani.eleves.mediamatique.ch\/reparations-radieuses\/wp-content\/uploads\/2025\/06\/4058075761452_1.jpg\",\"contentUrl\":\"https:\/\/drizani.eleves.mediamatique.ch\/reparations-radieuses\/wp-content\/uploads\/2025\/06\/4058075761452_1.jpg\",\"width\":800,\"height\":800},{\"@type\":\"BreadcrumbList\",\"@id\":\"https:\/\/drizani.eleves.mediamatique.ch\/reparations-radieuses\/produit\/ampoule-led-filament-vintage-4w\/#breadcrumb\",\"itemListElement\":[{\"@type\":\"ListItem\",\"position\":1,\"name\":\"Accueil\",\"item\":\"https:\/\/drizani.eleves.mediamatique.ch\/reparations-radieuses\/\"},{\"@type\":\"ListItem\",\"position\":2,\"name\":\"Produits\",\"item\":\"https:\/\/drizani.eleves.mediamatique.ch\/reparations-radieuses\/shop\/\"},{\"@type\":\"ListItem\",\"position\":3,\"name\":\"Ampoule LED Filament Vintage \u2013 4W\"}]},{\"@type\":\"WebSite\",\"@id\":\"https:\/\/drizani.eleves.mediamatique.ch\/reparations-radieuses\/#website\",\"url\":\"https:\/\/drizani.eleves.mediamatique.ch\/reparations-radieuses\/\",\"name\":\"R\u00e9parations Radieuses\",\"description\":\"\",\"publisher\":{\"@id\":\"https:\/\/drizani.eleves.mediamatique.ch\/reparations-radieuses\/#organization\"},\"potentialAction\":[{\"@type\":\"SearchAction\",\"target\":{\"@type\":\"EntryPoint\",\"urlTemplate\":\"https:\/\/drizani.eleves.mediamatique.ch\/reparations-radieuses\/?s={search_term_string}\"},\"query-input\":{\"@type\":\"PropertyValueSpecification\",\"valueRequired\":true,\"valueName\":\"search_term_string\"}}],\"inLanguage\":\"fr-FR\"},{\"@type\":\"Organization\",\"@id\":\"https:\/\/drizani.eleves.mediamatique.ch\/reparations-radieuses\/#organization\",\"name\":\"R\u00e9parations Radieuses\",\"url\":\"https:\/\/drizani.eleves.mediamatique.ch\/reparations-radieuses\/\",\"logo\":{\"@type\":\"ImageObject\",\"inLanguage\":\"fr-FR\",\"@id\":\"https:\/\/drizani.eleves.mediamatique.ch\/reparations-radieuses\/#\/schema\/logo\/image\/\",\"url\":\"https:\/\/drizani.eleves.mediamatique.ch\/reparations-radieuses\/wp-content\/uploads\/2025\/06\/cropped-Logo-cie-4-1-1.png\",\"contentUrl\":\"https:\/\/drizani.eleves.mediamatique.ch\/reparations-radieuses\/wp-content\/uploads\/2025\/06\/cropped-Logo-cie-4-1-1.png\",\"width\":1441,\"height\":959,\"caption\":\"R\u00e9parations Radieuses\"},\"image\":{\"@id\":\"https:\/\/drizani.eleves.mediamatique.ch\/reparations-radieuses\/#\/schema\/logo\/image\/\"}}]}<\/script>\n<!-- \/ Yoast SEO plugin. -->","yoast_head_json":{"title":"Ampoule LED Filament Vintage \u2013 4W - R\u00e9parations Radieuses","robots":{"index":"noindex","follow":"follow","max-snippet":"max-snippet:-1","max-image-preview":"max-image-preview:large","max-video-preview":"max-video-preview:-1"},"og_locale":"fr_FR","og_type":"article","og_title":"Ampoule LED Filament Vintage \u2013 4W - R\u00e9parations Radieuses","og_description":"Une ampoule LED au style r\u00e9tro, pour une ambiance chaleureuse et \u00e9l\u00e9gante.","og_url":"https:\/\/drizani.eleves.mediamatique.ch\/reparations-radieuses\/produit\/ampoule-led-filament-vintage-4w\/","og_site_name":"R\u00e9parations Radieuses","article_modified_time":"2025-06-19T12:06:36+00:00","og_image":[{"width":800,"height":800,"url":"https:\/\/drizani.eleves.mediamatique.ch\/reparations-radieuses\/wp-content\/uploads\/2025\/06\/4058075761452_1.jpg","type":"image\/jpeg"}],"twitter_card":"summary_large_image","schema":{"@context":"https:\/\/schema.org","@graph":[{"@type":"WebPage","@id":"https:\/\/drizani.eleves.mediamatique.ch\/reparations-radieuses\/produit\/ampoule-led-filament-vintage-4w\/","url":"https:\/\/drizani.eleves.mediamatique.ch\/reparations-radieuses\/produit\/ampoule-led-filament-vintage-4w\/","name":"Ampoule LED Filament Vintage \u2013 4W - R\u00e9parations Radieuses","isPartOf":{"@id":"https:\/\/drizani.eleves.mediamatique.ch\/reparations-radieuses\/#website"},"primaryImageOfPage":{"@id":"https:\/\/drizani.eleves.mediamatique.ch\/reparations-radieuses\/produit\/ampoule-led-filament-vintage-4w\/#primaryimage"},"image":{"@id":"https:\/\/drizani.eleves.mediamatique.ch\/reparations-radieuses\/produit\/ampoule-led-filament-vintage-4w\/#primaryimage"},"thumbnailUrl":"https:\/\/drizani.eleves.mediamatique.ch\/reparations-radieuses\/wp-content\/uploads\/2025\/06\/4058075761452_1.jpg","datePublished":"2025-06-19T11:36:40+00:00","dateModified":"2025-06-19T12:06:36+00:00","breadcrumb":{"@id":"https:\/\/drizani.eleves.mediamatique.ch\/reparations-radieuses\/produit\/ampoule-led-filament-vintage-4w\/#breadcrumb"},"inLanguage":"fr-FR","potentialAction":[{"@type":"ReadAction","target":["https:\/\/drizani.eleves.mediamatique.ch\/reparations-radieuses\/produit\/ampoule-led-filament-vintage-4w\/"]}]},{"@type":"ImageObject","inLanguage":"fr-FR","@id":"https:\/\/drizani.eleves.mediamatique.ch\/reparations-radieuses\/produit\/ampoule-led-filament-vintage-4w\/#primaryimage","url":"https:\/\/drizani.eleves.mediamatique.ch\/reparations-radieuses\/wp-content\/uploads\/2025\/06\/4058075761452_1.jpg","contentUrl":"https:\/\/drizani.eleves.mediamatique.ch\/reparations-radieuses\/wp-content\/uploads\/2025\/06\/4058075761452_1.jpg","width":800,"height":800},{"@type":"BreadcrumbList","@id":"https:\/\/drizani.eleves.mediamatique.ch\/reparations-radieuses\/produit\/ampoule-led-filament-vintage-4w\/#breadcrumb","itemListElement":[{"@type":"ListItem","position":1,"name":"Accueil","item":"https:\/\/drizani.eleves.mediamatique.ch\/reparations-radieuses\/"},{"@type":"ListItem","position":2,"name":"Produits","item":"https:\/\/drizani.eleves.mediamatique.ch\/reparations-radieuses\/shop\/"},{"@type":"ListItem","position":3,"name":"Ampoule LED Filament Vintage \u2013 4W"}]},{"@type":"WebSite","@id":"https:\/\/drizani.eleves.mediamatique.ch\/reparations-radieuses\/#website","url":"https:\/\/drizani.eleves.mediamatique.ch\/reparations-radieuses\/","name":"R\u00e9parations Radieuses","description":"","publisher":{"@id":"https:\/\/drizani.eleves.mediamatique.ch\/reparations-radieuses\/#organization"},"potentialAction":[{"@type":"SearchAction","target":{"@type":"EntryPoint","urlTemplate":"https:\/\/drizani.eleves.mediamatique.ch\/reparations-radieuses\/?s={search_term_string}"},"query-input":{"@type":"PropertyValueSpecification","valueRequired":true,"valueName":"search_term_string"}}],"inLanguage":"fr-FR"},{"@type":"Organization","@id":"https:\/\/drizani.eleves.mediamatique.ch\/reparations-radieuses\/#organization","name":"R\u00e9parations Radieuses","url":"https:\/\/drizani.eleves.mediamatique.ch\/reparations-radieuses\/","logo":{"@type":"ImageObject","inLanguage":"fr-FR","@id":"https:\/\/drizani.eleves.mediamatique.ch\/reparations-radieuses\/#\/schema\/logo\/image\/","url":"https:\/\/drizani.eleves.mediamatique.ch\/reparations-radieuses\/wp-content\/uploads\/2025\/06\/cropped-Logo-cie-4-1-1.png","contentUrl":"https:\/\/drizani.eleves.mediamatique.ch\/reparations-radieuses\/wp-content\/uploads\/2025\/06\/cropped-Logo-cie-4-1-1.png","width":1441,"height":959,"caption":"R\u00e9parations Radieuses"},"image":{"@id":"https:\/\/drizani.eleves.mediamatique.ch\/reparations-radieuses\/#\/schema\/logo\/image\/"}}]}},"_links":{"self":[{"href":"https:\/\/drizani.eleves.mediamatique.ch\/reparations-radieuses\/wp-json\/wp\/v2\/product\/126","targetHints":{"allow":["GET"]}}],"collection":[{"href":"https:\/\/drizani.eleves.mediamatique.ch\/reparations-radieuses\/wp-json\/wp\/v2\/product"}],"about":[{"href":"https:\/\/drizani.eleves.mediamatique.ch\/reparations-radieuses\/wp-json\/wp\/v2\/types\/product"}],"replies":[{"embeddable":true,"href":"https:\/\/drizani.eleves.mediamatique.ch\/reparations-radieuses\/wp-json\/wp\/v2\/comments?post=126"}],"version-history":[{"count":1,"href":"https:\/\/drizani.eleves.mediamatique.ch\/reparations-radieuses\/wp-json\/wp\/v2\/product\/126\/revisions"}],"predecessor-version":[{"id":128,"href":"https:\/\/drizani.eleves.mediamatique.ch\/reparations-radieuses\/wp-json\/wp\/v2\/product\/126\/revisions\/128"}],"wp:featuredmedia":[{"embeddable":true,"href":"https:\/\/drizani.eleves.mediamatique.ch\/reparations-radieuses\/wp-json\/wp\/v2\/media\/127"}],"wp:attachment":[{"href":"https:\/\/drizani.eleves.mediamatique.ch\/reparations-radieuses\/wp-json\/wp\/v2\/media?parent=126"}],"wp:term":[{"taxonomy":"product_brand","embeddable":true,"href":"https:\/\/drizani.eleves.mediamatique.ch\/reparations-radieuses\/wp-json\/wp\/v2\/product_brand?post=126"},{"taxonomy":"product_cat","embeddable":true,"href":"https:\/\/drizani.eleves.mediamatique.ch\/reparations-radieuses\/wp-json\/wp\/v2\/product_cat?post=126"},{"taxonomy":"product_tag","embeddable":true,"href":"https:\/\/drizani.eleves.mediamatique.ch\/reparations-radieuses\/wp-json\/wp\/v2\/product_tag?post=126"}],"curies":[{"name":"wp","href":"https:\/\/api.w.org\/{rel}","templated":true}]}}