{"id":129,"date":"2025-06-19T13:39:57","date_gmt":"2025-06-19T11:39:57","guid":{"rendered":"https:\/\/drizani.eleves.mediamatique.ch\/reparations-radieuses\/?post_type=product&#038;p=129"},"modified":"2025-06-19T13:40:47","modified_gmt":"2025-06-19T11:40:47","slug":"boite-a-outils-lumibox","status":"publish","type":"product","link":"https:\/\/drizani.eleves.mediamatique.ch\/reparations-radieuses\/produit\/boite-a-outils-lumibox\/","title":{"rendered":"Bo\u00eete \u00e0 outils \u201cLumiBox\u201d"},"content":{"rendered":"<p>La <strong data-start=\"1798\" data-end=\"1809\">LumiBox<\/strong> est une bo\u00eete \u00e0 outils cr\u00e9ative et fonctionnelle, con\u00e7ue pour tous ceux qui aiment r\u00e9parer ou personnaliser leur \u00e9clairage. Sa forme en ampoule g\u00e9ante attire le regard, et \u00e0 l\u2019int\u00e9rieur, vous trouverez : un jeu de douilles, une pince universelle, deux ampoules LED de secours, un testeur de tension, une mini lampe de poche, et un guide de d\u00e9pannage rapide. Id\u00e9ale pour les foyers, les \u00e9tudiants ou les fans de DIY. C\u2019est aussi un excellent cadeau utile et fun \u00e0 offrir !<\/p>\n","protected":false},"excerpt":{"rendered":"<p>Une bo\u00eete \u00e0 outils originale en forme d\u2019ampoule, remplie d\u2019accessoires utiles pour vos r\u00e9parations lumi\u00e8re.<\/p>\n","protected":false},"featured_media":130,"comment_status":"open","ping_status":"closed","template":"","meta":[],"product_brand":[],"product_cat":[23],"product_tag":[],"class_list":{"0":"post-129","1":"product","2":"type-product","3":"status-publish","4":"has-post-thumbnail","6":"product_cat-kits-pratiques","8":"first","9":"instock","10":"shipping-taxable","11":"purchasable","12":"product-type-simple"},"yoast_head":"<!-- This site is optimized with the Yoast SEO plugin v25.3.1 - https:\/\/yoast.com\/wordpress\/plugins\/seo\/ -->\n<title>Bo\u00eete \u00e0 outils \u201cLumiBox\u201d - R\u00e9parations Radieuses<\/title>\n<meta name=\"robots\" content=\"noindex, follow, max-snippet:-1, max-image-preview:large, max-video-preview:-1\" \/>\n<meta property=\"og:locale\" content=\"fr_FR\" \/>\n<meta property=\"og:type\" content=\"article\" \/>\n<meta property=\"og:title\" content=\"Bo\u00eete \u00e0 outils \u201cLumiBox\u201d - R\u00e9parations Radieuses\" \/>\n<meta property=\"og:description\" content=\"Une bo\u00eete \u00e0 outils originale en forme d\u2019ampoule, remplie d\u2019accessoires utiles pour vos r\u00e9parations lumi\u00e8re.\" \/>\n<meta property=\"og:url\" content=\"https:\/\/drizani.eleves.mediamatique.ch\/reparations-radieuses\/produit\/boite-a-outils-lumibox\/\" \/>\n<meta property=\"og:site_name\" content=\"R\u00e9parations Radieuses\" \/>\n<meta property=\"article:modified_time\" content=\"2025-06-19T11:40:47+00:00\" \/>\n<meta property=\"og:image\" content=\"https:\/\/drizani.eleves.mediamatique.ch\/reparations-radieuses\/wp-content\/uploads\/2025\/06\/MA28CA444BOIT14BOC-305de33589-43.jpg\" \/>\n\t<meta property=\"og:image:width\" content=\"537\" \/>\n\t<meta property=\"og:image:height\" content=\"410\" \/>\n\t<meta property=\"og:image:type\" content=\"image\/jpeg\" \/>\n<meta name=\"twitter:card\" content=\"summary_large_image\" \/>\n<script type=\"application\/ld+json\" class=\"yoast-schema-graph\">{\"@context\":\"https:\/\/schema.org\",\"@graph\":[{\"@type\":\"WebPage\",\"@id\":\"https:\/\/drizani.eleves.mediamatique.ch\/reparations-radieuses\/produit\/boite-a-outils-lumibox\/\",\"url\":\"https:\/\/drizani.eleves.mediamatique.ch\/reparations-radieuses\/produit\/boite-a-outils-lumibox\/\",\"name\":\"Bo\u00eete \u00e0 outils \u201cLumiBox\u201d - R\u00e9parations Radieuses\",\"isPartOf\":{\"@id\":\"https:\/\/drizani.eleves.mediamatique.ch\/reparations-radieuses\/#website\"},\"primaryImageOfPage\":{\"@id\":\"https:\/\/drizani.eleves.mediamatique.ch\/reparations-radieuses\/produit\/boite-a-outils-lumibox\/#primaryimage\"},\"image\":{\"@id\":\"https:\/\/drizani.eleves.mediamatique.ch\/reparations-radieuses\/produit\/boite-a-outils-lumibox\/#primaryimage\"},\"thumbnailUrl\":\"https:\/\/drizani.eleves.mediamatique.ch\/reparations-radieuses\/wp-content\/uploads\/2025\/06\/MA28CA444BOIT14BOC-305de33589-43.jpg\",\"datePublished\":\"2025-06-19T11:39:57+00:00\",\"dateModified\":\"2025-06-19T11:40:47+00:00\",\"breadcrumb\":{\"@id\":\"https:\/\/drizani.eleves.mediamatique.ch\/reparations-radieuses\/produit\/boite-a-outils-lumibox\/#breadcrumb\"},\"inLanguage\":\"fr-FR\",\"potentialAction\":[{\"@type\":\"ReadAction\",\"target\":[\"https:\/\/drizani.eleves.mediamatique.ch\/reparations-radieuses\/produit\/boite-a-outils-lumibox\/\"]}]},{\"@type\":\"ImageObject\",\"inLanguage\":\"fr-FR\",\"@id\":\"https:\/\/drizani.eleves.mediamatique.ch\/reparations-radieuses\/produit\/boite-a-outils-lumibox\/#primaryimage\",\"url\":\"https:\/\/drizani.eleves.mediamatique.ch\/reparations-radieuses\/wp-content\/uploads\/2025\/06\/MA28CA444BOIT14BOC-305de33589-43.jpg\",\"contentUrl\":\"https:\/\/drizani.eleves.mediamatique.ch\/reparations-radieuses\/wp-content\/uploads\/2025\/06\/MA28CA444BOIT14BOC-305de33589-43.jpg\",\"width\":537,\"height\":410},{\"@type\":\"BreadcrumbList\",\"@id\":\"https:\/\/drizani.eleves.mediamatique.ch\/reparations-radieuses\/produit\/boite-a-outils-lumibox\/#breadcrumb\",\"itemListElement\":[{\"@type\":\"ListItem\",\"position\":1,\"name\":\"Accueil\",\"item\":\"https:\/\/drizani.eleves.mediamatique.ch\/reparations-radieuses\/\"},{\"@type\":\"ListItem\",\"position\":2,\"name\":\"Produits\",\"item\":\"https:\/\/drizani.eleves.mediamatique.ch\/reparations-radieuses\/shop\/\"},{\"@type\":\"ListItem\",\"position\":3,\"name\":\"Bo\u00eete \u00e0 outils \u201cLumiBox\u201d\"}]},{\"@type\":\"WebSite\",\"@id\":\"https:\/\/drizani.eleves.mediamatique.ch\/reparations-radieuses\/#website\",\"url\":\"https:\/\/drizani.eleves.mediamatique.ch\/reparations-radieuses\/\",\"name\":\"R\u00e9parations Radieuses\",\"description\":\"\",\"publisher\":{\"@id\":\"https:\/\/drizani.eleves.mediamatique.ch\/reparations-radieuses\/#organization\"},\"potentialAction\":[{\"@type\":\"SearchAction\",\"target\":{\"@type\":\"EntryPoint\",\"urlTemplate\":\"https:\/\/drizani.eleves.mediamatique.ch\/reparations-radieuses\/?s={search_term_string}\"},\"query-input\":{\"@type\":\"PropertyValueSpecification\",\"valueRequired\":true,\"valueName\":\"search_term_string\"}}],\"inLanguage\":\"fr-FR\"},{\"@type\":\"Organization\",\"@id\":\"https:\/\/drizani.eleves.mediamatique.ch\/reparations-radieuses\/#organization\",\"name\":\"R\u00e9parations Radieuses\",\"url\":\"https:\/\/drizani.eleves.mediamatique.ch\/reparations-radieuses\/\",\"logo\":{\"@type\":\"ImageObject\",\"inLanguage\":\"fr-FR\",\"@id\":\"https:\/\/drizani.eleves.mediamatique.ch\/reparations-radieuses\/#\/schema\/logo\/image\/\",\"url\":\"https:\/\/drizani.eleves.mediamatique.ch\/reparations-radieuses\/wp-content\/uploads\/2025\/06\/cropped-Logo-cie-4-1-1.png\",\"contentUrl\":\"https:\/\/drizani.eleves.mediamatique.ch\/reparations-radieuses\/wp-content\/uploads\/2025\/06\/cropped-Logo-cie-4-1-1.png\",\"width\":1441,\"height\":959,\"caption\":\"R\u00e9parations Radieuses\"},\"image\":{\"@id\":\"https:\/\/drizani.eleves.mediamatique.ch\/reparations-radieuses\/#\/schema\/logo\/image\/\"}}]}<\/script>\n<!-- \/ Yoast SEO plugin. -->","yoast_head_json":{"title":"Bo\u00eete \u00e0 outils \u201cLumiBox\u201d - R\u00e9parations Radieuses","robots":{"index":"noindex","follow":"follow","max-snippet":"max-snippet:-1","max-image-preview":"max-image-preview:large","max-video-preview":"max-video-preview:-1"},"og_locale":"fr_FR","og_type":"article","og_title":"Bo\u00eete \u00e0 outils \u201cLumiBox\u201d - R\u00e9parations Radieuses","og_description":"Une bo\u00eete \u00e0 outils originale en forme d\u2019ampoule, remplie d\u2019accessoires utiles pour vos r\u00e9parations lumi\u00e8re.","og_url":"https:\/\/drizani.eleves.mediamatique.ch\/reparations-radieuses\/produit\/boite-a-outils-lumibox\/","og_site_name":"R\u00e9parations Radieuses","article_modified_time":"2025-06-19T11:40:47+00:00","og_image":[{"width":537,"height":410,"url":"https:\/\/drizani.eleves.mediamatique.ch\/reparations-radieuses\/wp-content\/uploads\/2025\/06\/MA28CA444BOIT14BOC-305de33589-43.jpg","type":"image\/jpeg"}],"twitter_card":"summary_large_image","schema":{"@context":"https:\/\/schema.org","@graph":[{"@type":"WebPage","@id":"https:\/\/drizani.eleves.mediamatique.ch\/reparations-radieuses\/produit\/boite-a-outils-lumibox\/","url":"https:\/\/drizani.eleves.mediamatique.ch\/reparations-radieuses\/produit\/boite-a-outils-lumibox\/","name":"Bo\u00eete \u00e0 outils \u201cLumiBox\u201d - R\u00e9parations Radieuses","isPartOf":{"@id":"https:\/\/drizani.eleves.mediamatique.ch\/reparations-radieuses\/#website"},"primaryImageOfPage":{"@id":"https:\/\/drizani.eleves.mediamatique.ch\/reparations-radieuses\/produit\/boite-a-outils-lumibox\/#primaryimage"},"image":{"@id":"https:\/\/drizani.eleves.mediamatique.ch\/reparations-radieuses\/produit\/boite-a-outils-lumibox\/#primaryimage"},"thumbnailUrl":"https:\/\/drizani.eleves.mediamatique.ch\/reparations-radieuses\/wp-content\/uploads\/2025\/06\/MA28CA444BOIT14BOC-305de33589-43.jpg","datePublished":"2025-06-19T11:39:57+00:00","dateModified":"2025-06-19T11:40:47+00:00","breadcrumb":{"@id":"https:\/\/drizani.eleves.mediamatique.ch\/reparations-radieuses\/produit\/boite-a-outils-lumibox\/#breadcrumb"},"inLanguage":"fr-FR","potentialAction":[{"@type":"ReadAction","target":["https:\/\/drizani.eleves.mediamatique.ch\/reparations-radieuses\/produit\/boite-a-outils-lumibox\/"]}]},{"@type":"ImageObject","inLanguage":"fr-FR","@id":"https:\/\/drizani.eleves.mediamatique.ch\/reparations-radieuses\/produit\/boite-a-outils-lumibox\/#primaryimage","url":"https:\/\/drizani.eleves.mediamatique.ch\/reparations-radieuses\/wp-content\/uploads\/2025\/06\/MA28CA444BOIT14BOC-305de33589-43.jpg","contentUrl":"https:\/\/drizani.eleves.mediamatique.ch\/reparations-radieuses\/wp-content\/uploads\/2025\/06\/MA28CA444BOIT14BOC-305de33589-43.jpg","width":537,"height":410},{"@type":"BreadcrumbList","@id":"https:\/\/drizani.eleves.mediamatique.ch\/reparations-radieuses\/produit\/boite-a-outils-lumibox\/#breadcrumb","itemListElement":[{"@type":"ListItem","position":1,"name":"Accueil","item":"https:\/\/drizani.eleves.mediamatique.ch\/reparations-radieuses\/"},{"@type":"ListItem","position":2,"name":"Produits","item":"https:\/\/drizani.eleves.mediamatique.ch\/reparations-radieuses\/shop\/"},{"@type":"ListItem","position":3,"name":"Bo\u00eete \u00e0 outils \u201cLumiBox\u201d"}]},{"@type":"WebSite","@id":"https:\/\/drizani.eleves.mediamatique.ch\/reparations-radieuses\/#website","url":"https:\/\/drizani.eleves.mediamatique.ch\/reparations-radieuses\/","name":"R\u00e9parations Radieuses","description":"","publisher":{"@id":"https:\/\/drizani.eleves.mediamatique.ch\/reparations-radieuses\/#organization"},"potentialAction":[{"@type":"SearchAction","target":{"@type":"EntryPoint","urlTemplate":"https:\/\/drizani.eleves.mediamatique.ch\/reparations-radieuses\/?s={search_term_string}"},"query-input":{"@type":"PropertyValueSpecification","valueRequired":true,"valueName":"search_term_string"}}],"inLanguage":"fr-FR"},{"@type":"Organization","@id":"https:\/\/drizani.eleves.mediamatique.ch\/reparations-radieuses\/#organization","name":"R\u00e9parations Radieuses","url":"https:\/\/drizani.eleves.mediamatique.ch\/reparations-radieuses\/","logo":{"@type":"ImageObject","inLanguage":"fr-FR","@id":"https:\/\/drizani.eleves.mediamatique.ch\/reparations-radieuses\/#\/schema\/logo\/image\/","url":"https:\/\/drizani.eleves.mediamatique.ch\/reparations-radieuses\/wp-content\/uploads\/2025\/06\/cropped-Logo-cie-4-1-1.png","contentUrl":"https:\/\/drizani.eleves.mediamatique.ch\/reparations-radieuses\/wp-content\/uploads\/2025\/06\/cropped-Logo-cie-4-1-1.png","width":1441,"height":959,"caption":"R\u00e9parations Radieuses"},"image":{"@id":"https:\/\/drizani.eleves.mediamatique.ch\/reparations-radieuses\/#\/schema\/logo\/image\/"}}]}},"_links":{"self":[{"href":"https:\/\/drizani.eleves.mediamatique.ch\/reparations-radieuses\/wp-json\/wp\/v2\/product\/129","targetHints":{"allow":["GET"]}}],"collection":[{"href":"https:\/\/drizani.eleves.mediamatique.ch\/reparations-radieuses\/wp-json\/wp\/v2\/product"}],"about":[{"href":"https:\/\/drizani.eleves.mediamatique.ch\/reparations-radieuses\/wp-json\/wp\/v2\/types\/product"}],"replies":[{"embeddable":true,"href":"https:\/\/drizani.eleves.mediamatique.ch\/reparations-radieuses\/wp-json\/wp\/v2\/comments?post=129"}],"version-history":[{"count":1,"href":"https:\/\/drizani.eleves.mediamatique.ch\/reparations-radieuses\/wp-json\/wp\/v2\/product\/129\/revisions"}],"predecessor-version":[{"id":131,"href":"https:\/\/drizani.eleves.mediamatique.ch\/reparations-radieuses\/wp-json\/wp\/v2\/product\/129\/revisions\/131"}],"wp:featuredmedia":[{"embeddable":true,"href":"https:\/\/drizani.eleves.mediamatique.ch\/reparations-radieuses\/wp-json\/wp\/v2\/media\/130"}],"wp:attachment":[{"href":"https:\/\/drizani.eleves.mediamatique.ch\/reparations-radieuses\/wp-json\/wp\/v2\/media?parent=129"}],"wp:term":[{"taxonomy":"product_brand","embeddable":true,"href":"https:\/\/drizani.eleves.mediamatique.ch\/reparations-radieuses\/wp-json\/wp\/v2\/product_brand?post=129"},{"taxonomy":"product_cat","embeddable":true,"href":"https:\/\/drizani.eleves.mediamatique.ch\/reparations-radieuses\/wp-json\/wp\/v2\/product_cat?post=129"},{"taxonomy":"product_tag","embeddable":true,"href":"https:\/\/drizani.eleves.mediamatique.ch\/reparations-radieuses\/wp-json\/wp\/v2\/product_tag?post=129"}],"curies":[{"name":"wp","href":"https:\/\/api.w.org\/{rel}","templated":true}]}}