{"id":132,"date":"2025-06-19T13:55:40","date_gmt":"2025-06-19T11:55:40","guid":{"rendered":"https:\/\/drizani.eleves.mediamatique.ch\/reparations-radieuses\/?post_type=product&#038;p=132"},"modified":"2025-06-19T13:59:23","modified_gmt":"2025-06-19T11:59:23","slug":"atelier-repare-ta-lampe","status":"publish","type":"product","link":"https:\/\/drizani.eleves.mediamatique.ch\/reparations-radieuses\/produit\/atelier-repare-ta-lampe\/","title":{"rendered":"Atelier \u201cR\u00e9pare ta lampe\u201d"},"content":{"rendered":"<p>Envie d\u2019apprendre \u00e0 redonner vie \u00e0 une lampe cass\u00e9e ? Notre <strong data-start=\"3232\" data-end=\"3261\">atelier \u00ab\u00a0R\u00e9pare ta lampe\u00a0\u00bb<\/strong> est fait pour vous ! Accompagn\u00e9 d\u2019un expert en r\u00e9paration, vous d\u00e9couvrirez les bases de la s\u00e9curit\u00e9 \u00e9lectrique, du diagnostic de panne, et des gestes simples pour r\u00e9parer un luminaire. Vous pouvez venir avec votre propre lampe ou utiliser le mat\u00e9riel fourni. L\u2019atelier dure 2 heures et est propos\u00e9 chaque mercredi et samedi. Plusieurs niveaux disponibles : d\u00e9butant ou confirm\u00e9. En plus, repartez avec un mini-kit de r\u00e9paration offert !<\/p>\n","protected":false},"excerpt":{"rendered":"<p>Participez \u00e0 un atelier pratique pour apprendre \u00e0 r\u00e9parer vos luminaires, \u00e0 Mathod.<\/p>\n","protected":false},"featured_media":140,"comment_status":"open","ping_status":"closed","template":"","meta":[],"product_brand":[],"product_cat":[18],"product_tag":[],"class_list":{"0":"post-132","1":"product","2":"type-product","3":"status-publish","4":"has-post-thumbnail","6":"product_cat-services","8":"first","9":"instock","10":"shipping-taxable","11":"purchasable","12":"product-type-variable"},"yoast_head":"<!-- This site is optimized with the Yoast SEO plugin v25.3.1 - https:\/\/yoast.com\/wordpress\/plugins\/seo\/ -->\n<title>Atelier \u201cR\u00e9pare ta lampe\u201d - R\u00e9parations Radieuses<\/title>\n<meta name=\"robots\" content=\"noindex, follow, max-snippet:-1, max-image-preview:large, max-video-preview:-1\" \/>\n<meta property=\"og:locale\" content=\"fr_FR\" \/>\n<meta property=\"og:type\" content=\"article\" \/>\n<meta property=\"og:title\" content=\"Atelier \u201cR\u00e9pare ta lampe\u201d - R\u00e9parations Radieuses\" \/>\n<meta property=\"og:description\" content=\"Participez \u00e0 un atelier pratique pour apprendre \u00e0 r\u00e9parer vos luminaires, \u00e0 Mathod.\" \/>\n<meta property=\"og:url\" content=\"https:\/\/drizani.eleves.mediamatique.ch\/reparations-radieuses\/produit\/atelier-repare-ta-lampe\/\" \/>\n<meta property=\"og:site_name\" content=\"R\u00e9parations Radieuses\" \/>\n<meta property=\"article:modified_time\" content=\"2025-06-19T11:59:23+00:00\" \/>\n<meta property=\"og:image\" content=\"https:\/\/drizani.eleves.mediamatique.ch\/reparations-radieuses\/wp-content\/uploads\/2025\/06\/2147766976.jpg\" \/>\n\t<meta property=\"og:image:width\" content=\"1500\" \/>\n\t<meta property=\"og:image:height\" content=\"1500\" \/>\n\t<meta property=\"og:image:type\" content=\"image\/jpeg\" \/>\n<meta name=\"twitter:card\" content=\"summary_large_image\" \/>\n<script type=\"application\/ld+json\" class=\"yoast-schema-graph\">{\"@context\":\"https:\/\/schema.org\",\"@graph\":[{\"@type\":\"WebPage\",\"@id\":\"https:\/\/drizani.eleves.mediamatique.ch\/reparations-radieuses\/produit\/atelier-repare-ta-lampe\/\",\"url\":\"https:\/\/drizani.eleves.mediamatique.ch\/reparations-radieuses\/produit\/atelier-repare-ta-lampe\/\",\"name\":\"Atelier \u201cR\u00e9pare ta lampe\u201d - R\u00e9parations Radieuses\",\"isPartOf\":{\"@id\":\"https:\/\/drizani.eleves.mediamatique.ch\/reparations-radieuses\/#website\"},\"primaryImageOfPage\":{\"@id\":\"https:\/\/drizani.eleves.mediamatique.ch\/reparations-radieuses\/produit\/atelier-repare-ta-lampe\/#primaryimage\"},\"image\":{\"@id\":\"https:\/\/drizani.eleves.mediamatique.ch\/reparations-radieuses\/produit\/atelier-repare-ta-lampe\/#primaryimage\"},\"thumbnailUrl\":\"https:\/\/drizani.eleves.mediamatique.ch\/reparations-radieuses\/wp-content\/uploads\/2025\/06\/2147766976.jpg\",\"datePublished\":\"2025-06-19T11:55:40+00:00\",\"dateModified\":\"2025-06-19T11:59:23+00:00\",\"breadcrumb\":{\"@id\":\"https:\/\/drizani.eleves.mediamatique.ch\/reparations-radieuses\/produit\/atelier-repare-ta-lampe\/#breadcrumb\"},\"inLanguage\":\"fr-FR\",\"potentialAction\":[{\"@type\":\"ReadAction\",\"target\":[\"https:\/\/drizani.eleves.mediamatique.ch\/reparations-radieuses\/produit\/atelier-repare-ta-lampe\/\"]}]},{\"@type\":\"ImageObject\",\"inLanguage\":\"fr-FR\",\"@id\":\"https:\/\/drizani.eleves.mediamatique.ch\/reparations-radieuses\/produit\/atelier-repare-ta-lampe\/#primaryimage\",\"url\":\"https:\/\/drizani.eleves.mediamatique.ch\/reparations-radieuses\/wp-content\/uploads\/2025\/06\/2147766976.jpg\",\"contentUrl\":\"https:\/\/drizani.eleves.mediamatique.ch\/reparations-radieuses\/wp-content\/uploads\/2025\/06\/2147766976.jpg\",\"width\":1500,\"height\":1500},{\"@type\":\"BreadcrumbList\",\"@id\":\"https:\/\/drizani.eleves.mediamatique.ch\/reparations-radieuses\/produit\/atelier-repare-ta-lampe\/#breadcrumb\",\"itemListElement\":[{\"@type\":\"ListItem\",\"position\":1,\"name\":\"Accueil\",\"item\":\"https:\/\/drizani.eleves.mediamatique.ch\/reparations-radieuses\/\"},{\"@type\":\"ListItem\",\"position\":2,\"name\":\"Produits\",\"item\":\"https:\/\/drizani.eleves.mediamatique.ch\/reparations-radieuses\/shop\/\"},{\"@type\":\"ListItem\",\"position\":3,\"name\":\"Atelier \u201cR\u00e9pare ta lampe\u201d\"}]},{\"@type\":\"WebSite\",\"@id\":\"https:\/\/drizani.eleves.mediamatique.ch\/reparations-radieuses\/#website\",\"url\":\"https:\/\/drizani.eleves.mediamatique.ch\/reparations-radieuses\/\",\"name\":\"R\u00e9parations Radieuses\",\"description\":\"\",\"publisher\":{\"@id\":\"https:\/\/drizani.eleves.mediamatique.ch\/reparations-radieuses\/#organization\"},\"potentialAction\":[{\"@type\":\"SearchAction\",\"target\":{\"@type\":\"EntryPoint\",\"urlTemplate\":\"https:\/\/drizani.eleves.mediamatique.ch\/reparations-radieuses\/?s={search_term_string}\"},\"query-input\":{\"@type\":\"PropertyValueSpecification\",\"valueRequired\":true,\"valueName\":\"search_term_string\"}}],\"inLanguage\":\"fr-FR\"},{\"@type\":\"Organization\",\"@id\":\"https:\/\/drizani.eleves.mediamatique.ch\/reparations-radieuses\/#organization\",\"name\":\"R\u00e9parations Radieuses\",\"url\":\"https:\/\/drizani.eleves.mediamatique.ch\/reparations-radieuses\/\",\"logo\":{\"@type\":\"ImageObject\",\"inLanguage\":\"fr-FR\",\"@id\":\"https:\/\/drizani.eleves.mediamatique.ch\/reparations-radieuses\/#\/schema\/logo\/image\/\",\"url\":\"https:\/\/drizani.eleves.mediamatique.ch\/reparations-radieuses\/wp-content\/uploads\/2025\/06\/cropped-Logo-cie-4-1-1.png\",\"contentUrl\":\"https:\/\/drizani.eleves.mediamatique.ch\/reparations-radieuses\/wp-content\/uploads\/2025\/06\/cropped-Logo-cie-4-1-1.png\",\"width\":1441,\"height\":959,\"caption\":\"R\u00e9parations Radieuses\"},\"image\":{\"@id\":\"https:\/\/drizani.eleves.mediamatique.ch\/reparations-radieuses\/#\/schema\/logo\/image\/\"}}]}<\/script>\n<!-- \/ Yoast SEO plugin. -->","yoast_head_json":{"title":"Atelier \u201cR\u00e9pare ta lampe\u201d - R\u00e9parations Radieuses","robots":{"index":"noindex","follow":"follow","max-snippet":"max-snippet:-1","max-image-preview":"max-image-preview:large","max-video-preview":"max-video-preview:-1"},"og_locale":"fr_FR","og_type":"article","og_title":"Atelier \u201cR\u00e9pare ta lampe\u201d - R\u00e9parations Radieuses","og_description":"Participez \u00e0 un atelier pratique pour apprendre \u00e0 r\u00e9parer vos luminaires, \u00e0 Mathod.","og_url":"https:\/\/drizani.eleves.mediamatique.ch\/reparations-radieuses\/produit\/atelier-repare-ta-lampe\/","og_site_name":"R\u00e9parations Radieuses","article_modified_time":"2025-06-19T11:59:23+00:00","og_image":[{"width":1500,"height":1500,"url":"https:\/\/drizani.eleves.mediamatique.ch\/reparations-radieuses\/wp-content\/uploads\/2025\/06\/2147766976.jpg","type":"image\/jpeg"}],"twitter_card":"summary_large_image","schema":{"@context":"https:\/\/schema.org","@graph":[{"@type":"WebPage","@id":"https:\/\/drizani.eleves.mediamatique.ch\/reparations-radieuses\/produit\/atelier-repare-ta-lampe\/","url":"https:\/\/drizani.eleves.mediamatique.ch\/reparations-radieuses\/produit\/atelier-repare-ta-lampe\/","name":"Atelier \u201cR\u00e9pare ta lampe\u201d - R\u00e9parations Radieuses","isPartOf":{"@id":"https:\/\/drizani.eleves.mediamatique.ch\/reparations-radieuses\/#website"},"primaryImageOfPage":{"@id":"https:\/\/drizani.eleves.mediamatique.ch\/reparations-radieuses\/produit\/atelier-repare-ta-lampe\/#primaryimage"},"image":{"@id":"https:\/\/drizani.eleves.mediamatique.ch\/reparations-radieuses\/produit\/atelier-repare-ta-lampe\/#primaryimage"},"thumbnailUrl":"https:\/\/drizani.eleves.mediamatique.ch\/reparations-radieuses\/wp-content\/uploads\/2025\/06\/2147766976.jpg","datePublished":"2025-06-19T11:55:40+00:00","dateModified":"2025-06-19T11:59:23+00:00","breadcrumb":{"@id":"https:\/\/drizani.eleves.mediamatique.ch\/reparations-radieuses\/produit\/atelier-repare-ta-lampe\/#breadcrumb"},"inLanguage":"fr-FR","potentialAction":[{"@type":"ReadAction","target":["https:\/\/drizani.eleves.mediamatique.ch\/reparations-radieuses\/produit\/atelier-repare-ta-lampe\/"]}]},{"@type":"ImageObject","inLanguage":"fr-FR","@id":"https:\/\/drizani.eleves.mediamatique.ch\/reparations-radieuses\/produit\/atelier-repare-ta-lampe\/#primaryimage","url":"https:\/\/drizani.eleves.mediamatique.ch\/reparations-radieuses\/wp-content\/uploads\/2025\/06\/2147766976.jpg","contentUrl":"https:\/\/drizani.eleves.mediamatique.ch\/reparations-radieuses\/wp-content\/uploads\/2025\/06\/2147766976.jpg","width":1500,"height":1500},{"@type":"BreadcrumbList","@id":"https:\/\/drizani.eleves.mediamatique.ch\/reparations-radieuses\/produit\/atelier-repare-ta-lampe\/#breadcrumb","itemListElement":[{"@type":"ListItem","position":1,"name":"Accueil","item":"https:\/\/drizani.eleves.mediamatique.ch\/reparations-radieuses\/"},{"@type":"ListItem","position":2,"name":"Produits","item":"https:\/\/drizani.eleves.mediamatique.ch\/reparations-radieuses\/shop\/"},{"@type":"ListItem","position":3,"name":"Atelier \u201cR\u00e9pare ta lampe\u201d"}]},{"@type":"WebSite","@id":"https:\/\/drizani.eleves.mediamatique.ch\/reparations-radieuses\/#website","url":"https:\/\/drizani.eleves.mediamatique.ch\/reparations-radieuses\/","name":"R\u00e9parations Radieuses","description":"","publisher":{"@id":"https:\/\/drizani.eleves.mediamatique.ch\/reparations-radieuses\/#organization"},"potentialAction":[{"@type":"SearchAction","target":{"@type":"EntryPoint","urlTemplate":"https:\/\/drizani.eleves.mediamatique.ch\/reparations-radieuses\/?s={search_term_string}"},"query-input":{"@type":"PropertyValueSpecification","valueRequired":true,"valueName":"search_term_string"}}],"inLanguage":"fr-FR"},{"@type":"Organization","@id":"https:\/\/drizani.eleves.mediamatique.ch\/reparations-radieuses\/#organization","name":"R\u00e9parations Radieuses","url":"https:\/\/drizani.eleves.mediamatique.ch\/reparations-radieuses\/","logo":{"@type":"ImageObject","inLanguage":"fr-FR","@id":"https:\/\/drizani.eleves.mediamatique.ch\/reparations-radieuses\/#\/schema\/logo\/image\/","url":"https:\/\/drizani.eleves.mediamatique.ch\/reparations-radieuses\/wp-content\/uploads\/2025\/06\/cropped-Logo-cie-4-1-1.png","contentUrl":"https:\/\/drizani.eleves.mediamatique.ch\/reparations-radieuses\/wp-content\/uploads\/2025\/06\/cropped-Logo-cie-4-1-1.png","width":1441,"height":959,"caption":"R\u00e9parations Radieuses"},"image":{"@id":"https:\/\/drizani.eleves.mediamatique.ch\/reparations-radieuses\/#\/schema\/logo\/image\/"}}]}},"_links":{"self":[{"href":"https:\/\/drizani.eleves.mediamatique.ch\/reparations-radieuses\/wp-json\/wp\/v2\/product\/132","targetHints":{"allow":["GET"]}}],"collection":[{"href":"https:\/\/drizani.eleves.mediamatique.ch\/reparations-radieuses\/wp-json\/wp\/v2\/product"}],"about":[{"href":"https:\/\/drizani.eleves.mediamatique.ch\/reparations-radieuses\/wp-json\/wp\/v2\/types\/product"}],"replies":[{"embeddable":true,"href":"https:\/\/drizani.eleves.mediamatique.ch\/reparations-radieuses\/wp-json\/wp\/v2\/comments?post=132"}],"version-history":[{"count":1,"href":"https:\/\/drizani.eleves.mediamatique.ch\/reparations-radieuses\/wp-json\/wp\/v2\/product\/132\/revisions"}],"predecessor-version":[{"id":139,"href":"https:\/\/drizani.eleves.mediamatique.ch\/reparations-radieuses\/wp-json\/wp\/v2\/product\/132\/revisions\/139"}],"wp:featuredmedia":[{"embeddable":true,"href":"https:\/\/drizani.eleves.mediamatique.ch\/reparations-radieuses\/wp-json\/wp\/v2\/media\/140"}],"wp:attachment":[{"href":"https:\/\/drizani.eleves.mediamatique.ch\/reparations-radieuses\/wp-json\/wp\/v2\/media?parent=132"}],"wp:term":[{"taxonomy":"product_brand","embeddable":true,"href":"https:\/\/drizani.eleves.mediamatique.ch\/reparations-radieuses\/wp-json\/wp\/v2\/product_brand?post=132"},{"taxonomy":"product_cat","embeddable":true,"href":"https:\/\/drizani.eleves.mediamatique.ch\/reparations-radieuses\/wp-json\/wp\/v2\/product_cat?post=132"},{"taxonomy":"product_tag","embeddable":true,"href":"https:\/\/drizani.eleves.mediamatique.ch\/reparations-radieuses\/wp-json\/wp\/v2\/product_tag?post=132"}],"curies":[{"name":"wp","href":"https:\/\/api.w.org\/{rel}","templated":true}]}}